{"id":4732,"date":"2026-02-07T21:40:16","date_gmt":"2026-02-07T21:40:16","guid":{"rendered":"https:\/\/lacajonera.cl\/regalos\/producto\/depiladora-portatil-removedor-de-vello-2\/"},"modified":"2026-02-25T18:53:55","modified_gmt":"2026-02-25T18:53:55","slug":"depiladora-portatil-removedor-de-vello-2","status":"publish","type":"product","link":"https:\/\/lacajonera.cl\/regalos\/producto\/depiladora-portatil-removedor-de-vello-2\/","title":{"rendered":"Depiladora de Precisi\u00f3n MiniSilka\u00ae"},"content":{"rendered":"","protected":false},"excerpt":{"rendered":"<h2 style=\"text-align: center;\"><b>\u00bfCansada de la Agresividad de la Cera o los Perfiladores?<\/b><\/h2>\n<p style=\"text-align: center;\"><img fetchpriority=\"high\" decoding=\"async\" class=\"alignnone size-medium wp-image-4608\" src=\"https:\/\/lacajonera.cl\/regalos\/wp-content\/uploads\/2025\/10\/piel-irritatada-enrojecida-NO-MAS-llego-MiniSilka-300x300.gif\" alt=\"\" width=\"300\" height=\"300\" srcset=\"https:\/\/lacajonera.cl\/regalos\/wp-content\/uploads\/2025\/10\/piel-irritatada-enrojecida-NO-MAS-llego-MiniSilka-300x300.gif 300w, https:\/\/lacajonera.cl\/regalos\/wp-content\/uploads\/2025\/10\/piel-irritatada-enrojecida-NO-MAS-llego-MiniSilka-150x150.gif 150w, https:\/\/lacajonera.cl\/regalos\/wp-content\/uploads\/2025\/10\/piel-irritatada-enrojecida-NO-MAS-llego-MiniSilka-768x768.gif 768w, https:\/\/lacajonera.cl\/regalos\/wp-content\/uploads\/2025\/10\/piel-irritatada-enrojecida-NO-MAS-llego-MiniSilka-600x600.gif 600w, https:\/\/lacajonera.cl\/regalos\/wp-content\/uploads\/2025\/10\/piel-irritatada-enrojecida-NO-MAS-llego-MiniSilka-100x100.gif 100w\" sizes=\"(max-width: 300px) 100vw, 300px\" \/><\/p>\n<p style=\"text-align: center;\"><span style=\"font-weight: 400;\"><strong>MiniSilka\u00ae:<\/strong><br \/>\nDescubre la libertad de una piel de seda, impecable y suave. \u00a1Sin cera, tirones ni esperas!.<\/span><\/p>\n<p style=\"text-align: center;\"><b>El Secreto para un Retoque Impecable: MiniSilka\u00ae<\/b><span style=\"font-weight: 400;\">.<\/span><\/p>\n<p style=\"text-align: center;\"><img decoding=\"async\" class=\"alignnone size-medium wp-image-4672\" src=\"https:\/\/lacajonera.cl\/regalos\/wp-content\/uploads\/2025\/10\/minisilka-depila-cara-espalda-cara-brazo-menton-manos-300x300.gif\" alt=\"\" width=\"300\" height=\"300\" srcset=\"https:\/\/lacajonera.cl\/regalos\/wp-content\/uploads\/2025\/10\/minisilka-depila-cara-espalda-cara-brazo-menton-manos-300x300.gif 300w, https:\/\/lacajonera.cl\/regalos\/wp-content\/uploads\/2025\/10\/minisilka-depila-cara-espalda-cara-brazo-menton-manos-150x150.gif 150w, https:\/\/lacajonera.cl\/regalos\/wp-content\/uploads\/2025\/10\/minisilka-depila-cara-espalda-cara-brazo-menton-manos-768x768.gif 768w, https:\/\/lacajonera.cl\/regalos\/wp-content\/uploads\/2025\/10\/minisilka-depila-cara-espalda-cara-brazo-menton-manos-600x600.gif 600w, https:\/\/lacajonera.cl\/regalos\/wp-content\/uploads\/2025\/10\/minisilka-depila-cara-espalda-cara-brazo-menton-manos-100x100.gif 100w\" sizes=\"(max-width: 300px) 100vw, 300px\" \/><\/p>\n<p style=\"text-align: center;\"><b> Indoloro y Hipoalerg\u00e9nico:<\/b><span style=\"font-weight: 400;\"><br \/>\nCabezal de acero recubierto dorado <\/span><b>para evitar la irritaci\u00f3n<\/b><span style=\"font-weight: 400;\">.Garant\u00eda de seguridad para las pieles m\u00e1s sensibles. Corta al ras, sin tirones ni da\u00f1o a los poros.<\/span><\/p>\n<p>&nbsp;<\/p>\n<p style=\"text-align: center;\"><b> <img decoding=\"async\" class=\"alignnone size-medium wp-image-4620\" src=\"https:\/\/lacajonera.cl\/regalos\/wp-content\/uploads\/2025\/10\/MiniSilka-compacta-recargable-portatil-1-300x300.gif\" alt=\"\" width=\"300\" height=\"300\" srcset=\"https:\/\/lacajonera.cl\/regalos\/wp-content\/uploads\/2025\/10\/MiniSilka-compacta-recargable-portatil-1-300x300.gif 300w, https:\/\/lacajonera.cl\/regalos\/wp-content\/uploads\/2025\/10\/MiniSilka-compacta-recargable-portatil-1-150x150.gif 150w, https:\/\/lacajonera.cl\/regalos\/wp-content\/uploads\/2025\/10\/MiniSilka-compacta-recargable-portatil-1-768x768.gif 768w, https:\/\/lacajonera.cl\/regalos\/wp-content\/uploads\/2025\/10\/MiniSilka-compacta-recargable-portatil-1-600x600.gif 600w, https:\/\/lacajonera.cl\/regalos\/wp-content\/uploads\/2025\/10\/MiniSilka-compacta-recargable-portatil-1-100x100.gif 100w\" sizes=\"(max-width: 300px) 100vw, 300px\" \/><br \/>\nPrecisi\u00f3n sin Irregularidades:<\/b><span style=\"font-weight: 400;\"><br \/>\nTecnolog\u00eda de Rotaci\u00f3n 15\u00b0: Se adapta perfectamente a los contornos de bozo, ment\u00f3n y cejas, asegurando una depilaci\u00f3n c\u00f3moda y efectiva.<\/span><\/p>\n<p>&nbsp;<\/p>\n<p style=\"text-align: center;\"><b> <img loading=\"lazy\" decoding=\"async\" class=\"alignnone size-medium wp-image-4654\" src=\"https:\/\/lacajonera.cl\/regalos\/wp-content\/uploads\/2025\/10\/minisilka-carga-en-laptop-echufe-powerbank-2-300x300.jpg\" alt=\"\" width=\"300\" height=\"300\" srcset=\"https:\/\/lacajonera.cl\/regalos\/wp-content\/uploads\/2025\/10\/minisilka-carga-en-laptop-echufe-powerbank-2-300x300.jpg 300w, https:\/\/lacajonera.cl\/regalos\/wp-content\/uploads\/2025\/10\/minisilka-carga-en-laptop-echufe-powerbank-2-150x150.jpg 150w, https:\/\/lacajonera.cl\/regalos\/wp-content\/uploads\/2025\/10\/minisilka-carga-en-laptop-echufe-powerbank-2-600x602.jpg 600w, https:\/\/lacajonera.cl\/regalos\/wp-content\/uploads\/2025\/10\/minisilka-carga-en-laptop-echufe-powerbank-2-100x100.jpg 100w, https:\/\/lacajonera.cl\/regalos\/wp-content\/uploads\/2025\/10\/minisilka-carga-en-laptop-echufe-powerbank-2.jpg 610w\" sizes=\"(max-width: 300px) 100vw, 300px\" \/><br \/>\n3. Recargable y Discreta:<br \/>\n<\/b><span style=\"font-weight: 400;\">Inal\u00e1mbrica y USB Recargable 24: Carga completa en 2 horas. Su tama\u00f1o compacto (150gr, ideal para bolsillo) te da seguridad en cualquier apuro.<\/span><\/p>\n<p>&nbsp;<\/p>\n<p style=\"text-align: center;\"><img loading=\"lazy\" decoding=\"async\" class=\"alignnone size-medium wp-image-4663\" src=\"https:\/\/lacajonera.cl\/regalos\/wp-content\/uploads\/2025\/10\/minisilka-mantencion-cabezal-lavable-1-300x300.jpg\" alt=\"\" width=\"300\" height=\"300\" srcset=\"https:\/\/lacajonera.cl\/regalos\/wp-content\/uploads\/2025\/10\/minisilka-mantencion-cabezal-lavable-1-300x300.jpg 300w, https:\/\/lacajonera.cl\/regalos\/wp-content\/uploads\/2025\/10\/minisilka-mantencion-cabezal-lavable-1-150x150.jpg 150w, https:\/\/lacajonera.cl\/regalos\/wp-content\/uploads\/2025\/10\/minisilka-mantencion-cabezal-lavable-1-600x602.jpg 600w, https:\/\/lacajonera.cl\/regalos\/wp-content\/uploads\/2025\/10\/minisilka-mantencion-cabezal-lavable-1-100x100.jpg 100w, https:\/\/lacajonera.cl\/regalos\/wp-content\/uploads\/2025\/10\/minisilka-mantencion-cabezal-lavable-1.jpg 700w\" sizes=\"(max-width: 300px) 100vw, 300px\" \/><br \/>\n<b>\u00a1Importante!<\/b><br \/>\n<strong>MiniSilka\u00ae<\/strong> no es resistente al agua, por lo que no debe sumergirse ni usarse en la ducha. Limpieza f\u00e1cil con un cepillo seco<\/p>\n<p style=\"text-align: center;\"><b>Tu Satisfacci\u00f3n es Nuestra Prioridad: \u00a1Miles de Chilenas ya la aman!<\/b><span style=\"font-weight: 400;\">.<br \/>\n<img loading=\"lazy\" decoding=\"async\" class=\"alignnone size-medium wp-image-4668\" src=\"https:\/\/lacajonera.cl\/regalos\/wp-content\/uploads\/2025\/10\/Testimonios-1-200x300.gif\" alt=\"\" width=\"200\" height=\"300\" \/><br \/>\n<\/span><\/p>\n<h4 style=\"text-align: center;\"><b>\u00a1MiniSilka\u00ae es el aliado que mereces! P\u00eddelo Ahora (Paga al Recibir).<\/b><\/h4>\n","protected":false},"featured_media":4741,"comment_status":"open","ping_status":"closed","template":"","meta":{"site-sidebar-layout":"default","site-content-layout":"","ast-site-content-layout":"default","site-content-style":"default","site-sidebar-style":"default","ast-global-header-display":"","ast-banner-title-visibility":"","ast-main-header-display":"","ast-hfb-above-header-display":"","ast-hfb-below-header-display":"","ast-hfb-mobile-header-display":"","site-post-title":"","ast-breadcrumbs-content":"","ast-featured-img":"","footer-sml-layout":"","ast-disable-related-posts":"","theme-transparent-header-meta":"default","adv-header-id-meta":"","stick-header-meta":"","header-above-stick-meta":"","header-main-stick-meta":"","header-below-stick-meta":"","astra-migrate-meta-layouts":"set","ast-page-background-enabled":"default","ast-page-background-meta":{"desktop":{"background-color":"","background-image":"","background-repeat":"repeat","background-position":"center center","background-size":"auto","background-attachment":"scroll","background-type":"","background-media":"","overlay-type":"","overlay-color":"","overlay-opacity":"","overlay-gradient":""},"tablet":{"background-color":"","background-image":"","background-repeat":"repeat","background-position":"center center","background-size":"auto","background-attachment":"scroll","background-type":"","background-media":"","overlay-type":"","overlay-color":"","overlay-opacity":"","overlay-gradient":""},"mobile":{"background-color":"","background-image":"","background-repeat":"repeat","background-position":"center center","background-size":"auto","background-attachment":"scroll","background-type":"","background-media":"","overlay-type":"","overlay-color":"","overlay-opacity":"","overlay-gradient":""}},"ast-content-background-meta":{"desktop":{"background-color":"var(--ast-global-color-5)","background-image":"","background-repeat":"repeat","background-position":"center center","background-size":"auto","background-attachment":"scroll","background-type":"","background-media":"","overlay-type":"","overlay-color":"","overlay-opacity":"","overlay-gradient":""},"tablet":{"background-color":"var(--ast-global-color-5)","background-image":"","background-repeat":"repeat","background-position":"center center","background-size":"auto","background-attachment":"scroll","background-type":"","background-media":"","overlay-type":"","overlay-color":"","overlay-opacity":"","overlay-gradient":""},"mobile":{"background-color":"var(--ast-global-color-5)","background-image":"","background-repeat":"repeat","background-position":"center center","background-size":"auto","background-attachment":"scroll","background-type":"","background-media":"","overlay-type":"","overlay-color":"","overlay-opacity":"","overlay-gradient":""}}},"product_brand":[],"product_cat":[61],"product_tag":[],"class_list":{"0":"post-4732","1":"product","2":"type-product","3":"status-publish","4":"has-post-thumbnail","6":"product_cat-belleza","7":"desktop-align-left","8":"tablet-align-left","9":"mobile-align-left","11":"first","12":"instock","13":"sale","14":"shipping-taxable","15":"purchasable","16":"product-type-simple"},"_links":{"self":[{"href":"https:\/\/lacajonera.cl\/regalos\/wp-json\/wp\/v2\/product\/4732","targetHints":{"allow":["GET"]}}],"collection":[{"href":"https:\/\/lacajonera.cl\/regalos\/wp-json\/wp\/v2\/product"}],"about":[{"href":"https:\/\/lacajonera.cl\/regalos\/wp-json\/wp\/v2\/types\/product"}],"replies":[{"embeddable":true,"href":"https:\/\/lacajonera.cl\/regalos\/wp-json\/wp\/v2\/comments?post=4732"}],"version-history":[{"count":3,"href":"https:\/\/lacajonera.cl\/regalos\/wp-json\/wp\/v2\/product\/4732\/revisions"}],"predecessor-version":[{"id":4739,"href":"https:\/\/lacajonera.cl\/regalos\/wp-json\/wp\/v2\/product\/4732\/revisions\/4739"}],"wp:featuredmedia":[{"embeddable":true,"href":"https:\/\/lacajonera.cl\/regalos\/wp-json\/wp\/v2\/media\/4741"}],"wp:attachment":[{"href":"https:\/\/lacajonera.cl\/regalos\/wp-json\/wp\/v2\/media?parent=4732"}],"wp:term":[{"taxonomy":"product_brand","embeddable":true,"href":"https:\/\/lacajonera.cl\/regalos\/wp-json\/wp\/v2\/product_brand?post=4732"},{"taxonomy":"product_cat","embeddable":true,"href":"https:\/\/lacajonera.cl\/regalos\/wp-json\/wp\/v2\/product_cat?post=4732"},{"taxonomy":"product_tag","embeddable":true,"href":"https:\/\/lacajonera.cl\/regalos\/wp-json\/wp\/v2\/product_tag?post=4732"}],"curies":[{"name":"wp","href":"https:\/\/api.w.org\/{rel}","templated":true}]}}